{"id":7913,"date":"2022-12-26T10:49:34","date_gmt":"2022-12-26T10:49:34","guid":{"rendered":"https:\/\/birnbreier.de\/?page_id=7913"},"modified":"2023-01-01T12:00:29","modified_gmt":"2023-01-01T12:00:29","slug":"a_impermanence","status":"publish","type":"page","link":"https:\/\/birnbreier.de\/?page_id=7913","title":{"rendered":"a_Impermanence"},"content":{"rendered":"<p>[vc_row tablets_mt=&#8220;margin-sm-10t&#8220; tablets_mb=&#8220;margin-sm-20b&#8220; kswr_row_top_decor_enabled=&#8220;false&#8220; kswr_row_bottom_decor_enabled=&#8220;false&#8220;][vc_column][whizz_custom_text_block style=&#8220;style4&#8243; title=&#8220;Impermanence&#8220; subtitle=&#8220;Take nothing but pictures, leave nothing but footprints&#8220;][\/whizz_custom_text_block][\/vc_column][\/vc_row][vc_row][vc_column width=&#8220;1\/2&#8243;][vc_column_text]Es ist das besondere etwas, einzutauchen in die Vergangenheit und Verg\u00e4nglichkeit. \u00a0Die besondereren Orte und Pl\u00e4tze, der High Society der Vergangenheit. Die Welt der Lost Place Fotografie &#8211; ein Zeitreise in die Vergangenheit.<\/p>\n<p>Auf unseren Touren hinterlassen wir keine Spuren, au\u00dfer den Fu\u00dfspuren.[\/vc_column_text][\/vc_column][vc_column width=&#8220;1\/2&#8243;][vc_column_text]Der Schutz der hier gezeigten Orten ist mir sehr wichtig, damit diese Orte gegen Vandalismus, Pl\u00fcnderung, Diebstahl und Zerst\u00f6rung gesch\u00fctzt bleiben. Daher ver\u00f6ffentliche ich keine genauen Ortsangaben.<\/p>\n<p style=\"text-align: center;\"><strong>Ich bitte dich auch, keine Anfragen nach den Adressen\/Standorten der Orten zu stellen. Diese werden nicht\u00a0beantwortet.<br \/>\nVielen Dank f\u00fcr dein Verst\u00e4ndnis.<\/strong><\/p>\n<p>[\/vc_column_text][\/vc_column][\/vc_row][vc_row][vc_column][whizz_portfolio_list style=&#8220;grid_center&#8220; cats=&#8220;impermanence&#8220; orderby=&#8220;rand&#8220; space=&#8220;6&#8243;][\/vc_column][\/vc_row]<\/p>\n","protected":false},"excerpt":{"rendered":"<p>[vc_row tablets_mt=&#8220;margin-sm-10t&#8220; tablets_mb=&#8220;margin-sm-20b&#8220; kswr_row_top_decor_enabled=&#8220;false&#8220; kswr_row_bottom_decor_enabled=&#8220;false&#8220;][vc_column][whizz_custom_text_block style=&#8220;style4&#8243; title=&#8220;Impermanence&#8220; subtitle=&#8220;Take nothing but pictures, leave nothing but footprints&#8220;][\/whizz_custom_text_block][\/vc_column][\/vc_row][vc_row][vc_column width=&#8220;1\/2&#8243;][vc_column_text]Es ist das besondere etwas, einzutauchen in die Vergangenheit und Verg\u00e4nglichkeit. \u00a0Die besondereren Orte und Pl\u00e4tze, der High Society der Vergangenheit. Die Welt der Lost Place Fotografie &#8211; ein Zeitreise in die Vergangenheit. Auf unseren Touren hinterlassen wir keine Spuren, &#8230;<\/p>\n","protected":false},"author":1,"featured_media":7406,"parent":0,"menu_order":0,"comment_status":"closed","ping_status":"closed","template":"","meta":{"footnotes":""},"class_list":["post-7913","page","type-page","status-publish","has-post-thumbnail","hentry"],"_links":{"self":[{"href":"https:\/\/birnbreier.de\/index.php?rest_route=\/wp\/v2\/pages\/7913","targetHints":{"allow":["GET"]}}],"collection":[{"href":"https:\/\/birnbreier.de\/index.php?rest_route=\/wp\/v2\/pages"}],"about":[{"href":"https:\/\/birnbreier.de\/index.php?rest_route=\/wp\/v2\/types\/page"}],"author":[{"embeddable":true,"href":"https:\/\/birnbreier.de\/index.php?rest_route=\/wp\/v2\/users\/1"}],"replies":[{"embeddable":true,"href":"https:\/\/birnbreier.de\/index.php?rest_route=%2Fwp%2Fv2%2Fcomments&post=7913"}],"version-history":[{"count":13,"href":"https:\/\/birnbreier.de\/index.php?rest_route=\/wp\/v2\/pages\/7913\/revisions"}],"predecessor-version":[{"id":8484,"href":"https:\/\/birnbreier.de\/index.php?rest_route=\/wp\/v2\/pages\/7913\/revisions\/8484"}],"wp:featuredmedia":[{"embeddable":true,"href":"https:\/\/birnbreier.de\/index.php?rest_route=\/wp\/v2\/media\/7406"}],"wp:attachment":[{"href":"https:\/\/birnbreier.de\/index.php?rest_route=%2Fwp%2Fv2%2Fmedia&parent=7913"}],"curies":[{"name":"wp","href":"https:\/\/api.w.org\/{rel}","templated":true}]}}